{"id":6,"date":"2025-10-05T20:40:52","date_gmt":"2025-10-05T18:40:52","guid":{"rendered":"https:\/\/secondpage.hellostrona.pl\/?page_id=6"},"modified":"2025-11-14T23:20:41","modified_gmt":"2025-11-14T22:20:41","slug":"etap-1-dobry-poczatek","status":"publish","type":"page","link":"https:\/\/secondpage.hellostrona.pl\/","title":{"rendered":"Etap 1 &#8211; dobry pocz\u0105tek!"},"content":{"rendered":"\n<figure class=\"wp-block-image size-full is-resized\"><img loading=\"lazy\" decoding=\"async\" width=\"1024\" height=\"1024\" src=\"https:\/\/secondpage.hellostrona.pl\/wp-content\/uploads\/2025\/10\/ja.jpeg\" alt=\"\" class=\"wp-image-8\" style=\"width:348px;height:auto\" srcset=\"https:\/\/secondpage.hellostrona.pl\/wp-content\/uploads\/2025\/10\/ja.jpeg 1024w, https:\/\/secondpage.hellostrona.pl\/wp-content\/uploads\/2025\/10\/ja-300x300.jpeg 300w, https:\/\/secondpage.hellostrona.pl\/wp-content\/uploads\/2025\/10\/ja-150x150.jpeg 150w, https:\/\/secondpage.hellostrona.pl\/wp-content\/uploads\/2025\/10\/ja-768x768.jpeg 768w\" sizes=\"auto, (max-width: 1024px) 100vw, 1024px\" \/><\/figure>\n\n\n\n<p><\/p>\n\n\n\n<p>Cze\u015b\u0107! Nazywam si\u0119&nbsp;<strong>Daria Katarzyna Kr\u00f3l<\/strong>.<\/p>\n\n\n\n<p>Jestem <strong>liderem projektu MoneyStar<\/strong>.<\/p>\n\n\n\n<p>Ju\u017c dawno rzuci\u0142am etat i pracuj\u0119 wy\u0142\u0105cznie zdalnie, a m\u00f3j zesp\u00f3\u0142 wspania\u0142ych ludzi bardzo szybko si\u0119 powi\u0119ksza!<\/p>\n\n\n\n<p>Ucz\u0119 osoby pocz\u0105tkuj\u0105ce, takie jak Ty,&nbsp; zarabiania w Internecie na afiliacji i osi\u0105gni\u0119cia wolno\u015bci finansowej o jakiej ka\u017cdy marzy.<\/p>\n\n\n\n<p>Ten etap zajmie Ci maksymalnie godzin\u0119, je\u015bli zabierzesz si\u0119 do niego od razu.<\/p>\n\n\n\n<hr class=\"wp-block-separator has-alpha-channel-opacity\"\/>\n\n\n\n<h3 class=\"wp-block-heading\">Kto mo\u017ce z nami pracowa\u0107?<\/h3>\n\n\n\n<p>Aby do\u0142\u0105czy\u0107 do zespo\u0142u musisz spe\u0142nia\u0107 poni\u017csze warunki:<\/p>\n\n\n\n<ul class=\"wp-block-list\">\n<li>Uko\u0144czone minimum 18 lat<\/li>\n\n\n\n<li>Posiada\u0107 obywatelstwo polskie<\/li>\n\n\n\n<li>Posiada\u0107 polski numer telefonu<\/li>\n<\/ul>\n\n\n\n<hr class=\"wp-block-separator has-alpha-channel-opacity\"\/>\n\n\n\n<h3 class=\"wp-block-heading\">Co musisz wiedzie\u0107 o naszym projekcie?<\/h3>\n\n\n\n<p>Projekt MoneyStar zosta\u0142 stworzony dla tych, kt\u00f3rzy chc\u0105 zarabia\u0107 pieni\u0105dze przez Internet, ale nie wiedz\u0105, od czego zacz\u0105\u0107. Wszystko jest przygotowane etapami \u2013 krok po kroku uczysz si\u0119 tego, co potrzebne. I co wa\u017cne \u2013 nie musisz wydawa\u0107 pieni\u0119dzy na dodatkowe kursy, bo wszystkie narz\u0119dzia s\u0105 w projekcie.<\/p>\n\n\n\n<ul class=\"wp-block-list\">\n<li><strong>5 krok\u00f3w do sukcesu!<\/strong> Do\u0142\u0105czasz do programu, w kt\u00f3rym przeprowadz\u0119 Ci\u0119 przez 5 kr\u00f3tkich etap\u00f3w.<\/li>\n\n\n\n<li><strong>Bez inwestycji<\/strong> \u2013 wsp\u00f3\u0142pracuj\u0105c z MoneyStar, nie musisz wk\u0142ada\u0107 w\u0142asnych pieni\u0119dzy. <\/li>\n\n\n\n<li><strong>Bez ryzyka i zobowi\u0105za\u0144<\/strong> \u2013 mo\u017cesz zrezygnowa\u0107 w ka\u017cdej chwili, bez konsekwencji i presji.<\/li>\n\n\n\n<li><strong>Nieograniczone zarobki<\/strong> \u2013 w przeciwie\u0144stwie do etatu, tutaj nie ma g\u00f3rnego limitu zarobk\u00f3w.<\/li>\n\n\n\n<li><strong>Wi\u0119cej czasu dla siebie i rodziny<\/strong> \u2013 sam\/a decydujesz, kiedy pracujesz i ile czasu po\u015bwi\u0119casz. <\/li>\n\n\n\n<li><strong>Szkolenie za darmo<\/strong> \u2013 to Twoje dodatkowe wsparcie i przewaga nad osobami, kt\u00f3re jeszcze nie dzia\u0142aj\u0105.<\/li>\n<\/ul>\n\n\n\n<h3 class=\"wp-block-heading\">Na czym polega praca?<\/h3>\n\n\n\n<p>W projekcie <strong>MoneyStar<\/strong> skupiamy si\u0119 na wype\u0142nianiu prostych wniosk\u00f3w oraz testowaniu i korzystaniu z bezp\u0142atnych produkt\u00f3w, aplikacji oraz us\u0142ug z katalogu oferowanego przez <strong>program Leadstar b\u0119d\u0105cy partnerem Projektu Moneystar.<\/strong><\/p>\n\n\n\n<p>W praktyce:<\/p>\n\n\n\n<ul class=\"wp-block-list\">\n<li>Ju\u017c w kolejnym etapie dostajesz list\u0119 produkt\u00f3w do testowania.<\/li>\n\n\n\n<li>Za wykonane dzia\u0142ania otrzymujesz bonusy, kt\u00f3re mo\u017cesz wyp\u0142aci\u0107 na konto.<\/li>\n<\/ul>\n\n\n\n<hr class=\"wp-block-separator has-alpha-channel-opacity\"\/>\n\n\n\n<h3 class=\"wp-block-heading\">Co dalej? Jak zacz\u0105\u0107 zarabia\u0107?<\/h3>\n\n\n\n<p>Nic prostszego!<\/p>\n\n\n\n<p><strong>Zarejestruj si\u0119 w programie partnerskim LeadStar<\/strong> korzystaj\u0105c z poni\u017cszego linku. Rejestracja zajmie Ci tylko kilka minut.<\/p>\n\n\n\n<p>Pami\u0119taj \u2013 <strong>Etap 1 (Rejestracja) do niczego Ci\u0119 nie zobowi\u0105zuje! <\/strong>W ka\u017cdej chwili mo\u017cesz usun\u0105\u0107 sw\u00f3j profil z programu.<\/p>\n\n\n\n<p> <a href=\"https:\/\/leadstar.pl\/rejestracja?uniq_code=8YeAs5\">[ZAREJESTRUJ SI\u0118 TUTAJ]&nbsp;<\/a><\/p>\n\n\n\n<figure class=\"wp-block-image\"><a href=\"https:\/\/leadstar.pl\/?uniq_code=8YeAs5\"><img decoding=\"async\" src=\"https:\/\/leadstar.pl\/creations\/static\/5c45269accd391a531292f2187fe981d.png\" alt=\"Rejestracja do Programu \"\/><\/a><\/figure>\n\n\n\n<hr class=\"wp-block-separator has-alpha-channel-opacity\"\/>\n\n\n\n<p>Podczas rejestracji system poprosi Ci\u0119 o dane personalne, email, numer telefonu. Nie musisz wyra\u017ca\u0107 zgody na newslettera, ale gor\u0105co do tego zach\u0119cam.<\/p>\n\n\n\n<p>Na kolejnej stronie system poprosi o Twoj\u0105 stron\u0119 www, mo\u017cesz poda\u0107 :<\/p>\n\n\n\n<ul class=\"wp-block-list\">\n<li>adres do profilu w mediach spo\u0142eczno\u015bciowych, takich jak Facebook, Instagram, Twitch, Twitter, YouTube<\/li>\n\n\n\n<li>Sk\u0105d si\u0119 dowiedzia\u0142e\u015b o Leadstar &#8211; wybierz co Ci odpowiada.<\/li>\n\n\n\n<li>NIE KASUJ kodu polecaj\u0105cego.<\/li>\n\n\n\n<li>Panel Partnera &#8211;&nbsp; przeklikaj na zaawansowany.<\/li>\n<\/ul>\n\n\n\n<p>Nast\u0119pnie nale\u017cy poda\u0107<\/p>\n\n\n\n<ul class=\"wp-block-list\">\n<li>numer PESEL \u2013 to standardowa procedura weryfikacji, w programie mog\u0105 bra\u0107 udzia\u0142 wy\u0142\u0105cznie osoby pe\u0142noletnie.<\/li>\n\n\n\n<li>adres aktualnego zamieszkania<\/li>\n\n\n\n<li>numer Twojego konta bankowego<\/li>\n<\/ul>\n\n\n\n<p>Na koniec potwierd\u017a <strong>LINK AKTYWACYJNY<\/strong> w mailu podanym przy rejestracji. Gotowe! <\/p>\n\n\n\n<p><strong>Pami\u0119taj &#8211; Twoje dane s\u0105 chronione zgodnie z <a href=\"https:\/\/leadstar.pl\/regulamin\">regulaminem<\/a> LeadStar.<\/strong><\/p>\n\n\n\n<p>Jak tylko si\u0119 zarejestrujesz \u2013 zr\u00f3b screen, \u017ce jeste\u015b zalogowana\/y w panelu\u00a0 i odezwij si\u0119 do mnie na Messenger \/ TikTok lub mail <a href=\"mailto:kontakt@hellostrona.pl\">kontakt@hellostrona.pl<\/a>\u00a0z informacj\u0105<strong>, <\/strong>\u017ce zrobi\u0142a\u015b\/e\u015b\u00a0 Etap 1 i dzia\u0142amy dalej.<\/p>\n\n\n\n<hr class=\"wp-block-separator has-alpha-channel-opacity\"\/>\n\n\n\n<h3 class=\"wp-block-heading\">Do\u0142\u0105cz do projektu MoneyStar!<\/h3>\n\n\n\n<p>Nie zastanawiaj si\u0119 \u2013 po prostu spr\u00f3buj <\/p>\n\n\n\n<p>Pami\u0119taj \u2013 <strong>dla nas liczy si\u0119 zesp\u00f3\u0142!<\/strong><br><\/p>\n\n\n\n<hr class=\"wp-block-separator has-alpha-channel-opacity\"\/>\n\n\n\n<p> <strong>Wyniki naszego zespo\u0142u b\u0119d\u0105 dla Ciebie dost\u0119pne po zalogowaniu w zak\u0142adce Rankingi Partner\u00f3w. Nie b\u0105d\u017a zaskoczona\/y, ci\u0119\u017cko jest uwierzy\u0107 w te liczby, ale one naprawd\u0119 istniej\u0105!<\/strong><\/p>\n\n\n\n<hr class=\"wp-block-separator has-alpha-channel-opacity\"\/>\n\n\n\n<h5 class=\"wp-block-heading\">Po wykonaniu zadania przejd\u017a swobodnie do <a href=\"https:\/\/firsttest.hellostrona.pl\/\">Etapu 2<\/a> i napisz do mnie wiadomo\u015b\u0107 na Messenger, \u017ce jeste\u015b zarejestrowana\/y!<\/h5>\n\n\n\n<p><strong>Daria Katarzyna Kr\u00f3l &#8211; Projekt MoneyStar<\/strong><\/p>\n","protected":false},"excerpt":{"rendered":"<p>Cze\u015b\u0107! Nazywam si\u0119&nbsp;Daria Katarzyna Kr\u00f3l. Jestem liderem projektu MoneyStar. Ju\u017c dawno rzuci\u0142am etat i pracuj\u0119 wy\u0142\u0105cznie zdalnie, a m\u00f3j zesp\u00f3\u0142 wspania\u0142ych ludzi bardzo szybko si\u0119 powi\u0119ksza! Ucz\u0119 osoby pocz\u0105tkuj\u0105ce, takie jak Ty,&nbsp; zarabiania w Internecie na afiliacji i osi\u0105gni\u0119cia wolno\u015bci finansowej o jakiej ka\u017cdy marzy. Ten etap zajmie Ci maksymalnie godzin\u0119, je\u015bli zabierzesz si\u0119 do&hellip;&nbsp;<a href=\"https:\/\/secondpage.hellostrona.pl\/\" rel=\"bookmark\"><span class=\"screen-reader-text\">Etap 1 &#8211; dobry pocz\u0105tek!<\/span><\/a><\/p>\n","protected":false},"author":1,"featured_media":0,"parent":0,"menu_order":0,"comment_status":"closed","ping_status":"closed","template":"","meta":{"neve_meta_sidebar":"","neve_meta_container":"","neve_meta_enable_content_width":"","neve_meta_content_width":0,"neve_meta_title_alignment":"","neve_meta_author_avatar":"","neve_post_elements_order":"","neve_meta_disable_header":"","neve_meta_disable_footer":"","neve_meta_disable_title":"","footnotes":""},"class_list":["post-6","page","type-page","status-publish","hentry"],"_links":{"self":[{"href":"https:\/\/secondpage.hellostrona.pl\/index.php?rest_route=\/wp\/v2\/pages\/6","targetHints":{"allow":["GET"]}}],"collection":[{"href":"https:\/\/secondpage.hellostrona.pl\/index.php?rest_route=\/wp\/v2\/pages"}],"about":[{"href":"https:\/\/secondpage.hellostrona.pl\/index.php?rest_route=\/wp\/v2\/types\/page"}],"author":[{"embeddable":true,"href":"https:\/\/secondpage.hellostrona.pl\/index.php?rest_route=\/wp\/v2\/users\/1"}],"replies":[{"embeddable":true,"href":"https:\/\/secondpage.hellostrona.pl\/index.php?rest_route=%2Fwp%2Fv2%2Fcomments&post=6"}],"version-history":[{"count":21,"href":"https:\/\/secondpage.hellostrona.pl\/index.php?rest_route=\/wp\/v2\/pages\/6\/revisions"}],"predecessor-version":[{"id":52,"href":"https:\/\/secondpage.hellostrona.pl\/index.php?rest_route=\/wp\/v2\/pages\/6\/revisions\/52"}],"wp:attachment":[{"href":"https:\/\/secondpage.hellostrona.pl\/index.php?rest_route=%2Fwp%2Fv2%2Fmedia&parent=6"}],"curies":[{"name":"wp","href":"https:\/\/api.w.org\/{rel}","templated":true}]}}